{"id":74,"date":"2025-09-10T09:18:14","date_gmt":"2025-09-10T09:18:14","guid":{"rendered":"https:\/\/tempobridge.com\/sample-page\/"},"modified":"2026-04-01T14:24:29","modified_gmt":"2026-04-01T14:24:29","slug":"sample-page","status":"publish","type":"page","link":"https:\/\/tempobridge.com\/es\/","title":{"rendered":"Tempobridge:"},"content":{"rendered":"\n<div class=\"wp-block-getwid-section alignfull getwid-section-content-full-width\"><div class=\"wp-block-getwid-section__wrapper getwid-reset-min-height-mobile\" style=\"min-height:800px\"><div class=\"wp-block-getwid-section__inner-wrapper\"><div class=\"wp-block-getwid-section__background-holder\"><div class=\"wp-block-getwid-section__background\" style=\"background-image:url('https:\/\/tempobridge.com\/wp-content\/uploads\/2025\/09\/hero.png');background-position:top center;background-repeat:no-repeat\"><div class=\"wp-block-getwid-section__background-image-wrapper\"><img decoding=\"async\" class=\"wp-block-getwid-section__background-image\" src=\"https:\/\/tempobridge.com\/wp-content\/uploads\/2025\/09\/hero.png\" alt=\"\"\/><\/div><\/div><div class=\"wp-block-getwid-section__foreground\" style=\"opacity:0.2;background-color:#00add8\"><\/div><\/div><div class=\"wp-block-getwid-section__content\"><div class=\"wp-block-getwid-section__inner-content\">\n<div class=\"wp-block-group container\"><div class=\"wp-block-group__inner-container is-layout-constrained wp-block-group-is-layout-constrained\">\n<div style=\"height:10rem\" aria-hidden=\"true\" class=\"wp-block-spacer\"><\/div>\n\n\n\n<h1>\n\n\n\n<figure class=\"wp-block-image size-large mb-0 wp-duotone-ffffff-fefefe-1\"><img decoding=\"async\" src=\"\/wp-content\/uploads\/2025\/09\/tempobridge-1024x183.png\" alt=\"Tempobridge:\" class=\"wp-image-54\"\/><\/figure>\n\n\n\n<p class=\"text-white\">Gesti\u00f3n, inversi\u00f3n y crecimiento<\/p>\n\n\n\n<\/h1>\n\n\n\n<div style=\"height:5rem\" aria-hidden=\"true\" class=\"wp-block-spacer\"><\/div>\n<\/div><\/div>\n<\/div><\/div><\/div><\/div><\/div>\n\n\n\n<div class=\"wp-block-columns is-layout-flex wp-container-core-columns-is-layout-9d6595d7 wp-block-columns-is-layout-flex\">\n<div class=\"wp-block-column w-100 w-lg-75 is-layout-flow wp-block-column-is-layout-flow\">\n<div class=\"wp-block-group\"><div class=\"wp-block-group__inner-container is-layout-constrained wp-block-group-is-layout-constrained\">\n<div style=\"height:10rem\" aria-hidden=\"true\" id=\"nuestra-mision\" class=\"wp-block-spacer\"><\/div>\n\n\n\n<h2 class=\"wp-block-heading tbdots mb-5\">Nuestra misi\u00f3n y valores<\/h2>\n\n\n\n<div class=\"wp-block-group\"><div class=\"wp-block-group__inner-container is-layout-constrained wp-block-group-is-layout-constrained\">\n<p class=\"lead\">Tempobridge es una firma de consultor\u00eda empresarial con sede en Barcelona, fundada en 2010 por Enric Batlle.<\/p>\n\n\n\n<p>En Tempobridge creemos que la creaci\u00f3n de valor surge de la acci\u00f3n. Como firma boutique de asesor\u00eda y gesti\u00f3n interina, ofrecemos apoyo pr\u00e1ctico y directo a las empresas. Nuestra <strong>misi\u00f3n<\/strong> es realizar una contribuci\u00f3n singular para potenciar la creaci\u00f3n de valor a trav\u00e9s de la gesti\u00f3n pr\u00e1ctica y la inversi\u00f3n.<\/p>\n\n\n\n<p>Nuestros <strong>valores<\/strong>:<\/p>\n\n\n\n<ul class=\"wp-block-list list-check\">\n<li>Esp\u00edritu global, conocimiento local<\/li>\n\n\n\n<li>Obsesi\u00f3n por la excelencia y el logro de objetivos<\/li>\n\n\n\n<li>Trabajo en equipo y diversi\u00f3n<\/li>\n\n\n\n<li>Honestidad, integridad y creaci\u00f3n de valor a largo plazo<\/li>\n\n\n\n<li>Enfoque emprendedor<\/li>\n\n\n\n<li>Responsabilidad y flexibilidad<\/li>\n<\/ul>\n<\/div><\/div>\n<\/div><\/div>\n\n\n\n<div class=\"wp-block-group\"><div class=\"wp-block-group__inner-container is-layout-constrained wp-block-group-is-layout-constrained\">\n<div style=\"height:10rem\" aria-hidden=\"true\" id=\"nuestra-experiencia\" class=\"wp-block-spacer\"><\/div>\n\n\n\n<h2 class=\"wp-block-heading tbdots mb-5\">Nuestra experiencia<\/h2>\n\n\n\n<div class=\"wp-block-group\"><div class=\"wp-block-group__inner-container is-layout-constrained wp-block-group-is-layout-constrained\">\n<p>Hemos adquirido experiencia en varios sectores.<\/p>\n\n\n\n<div class=\"wp-block-columns row is-layout-flex wp-container-core-columns-is-layout-9d6595d7 wp-block-columns-is-layout-flex\">\n<div class=\"wp-block-column col-auto p-5 bg-light is-layout-flow wp-block-column-is-layout-flow\">\n<p class=\"text-secondary\"><strong><em>Sectores en los que trabajamos<\/em><\/strong><\/p>\n\n\n\n<ul class=\"wp-block-list list-check\">\n<li>Empresas tecnol\u00f3gicas (IT)<\/li>\n\n\n\n<li>Industria farmac\u00e9utica y de la salud<\/li>\n\n\n\n<li>Instituciones inmobiliarias y financieras<\/li>\n\n\n\n<li>Publicidad digital<\/li>\n<\/ul>\n<\/div>\n\n\n\n<div class=\"wp-block-column col-auto p-5 bg-light is-layout-flow wp-block-column-is-layout-flow\">\n<p class=\"text-secondary\"><strong><em>\u00c1reas de especializaci\u00f3n funcional<\/em><\/strong><\/p>\n\n\n\n<ul class=\"wp-block-list list-check\">\n<li>Direcci\u00f3n general<\/li>\n\n\n\n<li>Estructuraci\u00f3n financiera<\/li>\n\n\n\n<li>Desarrollo de negocio<\/li>\n\n\n\n<li>Operaciones<\/li>\n\n\n\n<li>Consultor\u00eda<\/li>\n\n\n\n<li>Inversi\u00f3n y desinversi\u00f3n<\/li>\n\n\n\n<li>Docencia<\/li>\n<\/ul>\n<\/div>\n<\/div>\n\n\n\n<p>Aunque nuestro enfoque principal est\u00e1 en empresas con sede en Barcelona, hemos prestado servicios en toda la Uni\u00f3n Europea y en Am\u00e9rica (EE.UU., M\u00e9xico, Colombia, Per\u00fa).<br>Al igual que en el juego de cartas Bridge, donde tempo es la ventaja de iniciar la jugada, Tempobridge aporta el impulso decisivo que las empresas necesitan.<\/p>\n\n\n\n<div style=\"height:2rem\" aria-hidden=\"true\" class=\"wp-block-spacer\"><\/div>\n\n\n\n<div class=\"wp-block-columns is-layout-flex wp-container-core-columns-is-layout-9d6595d7 wp-block-columns-is-layout-flex\">\n<div class=\"wp-block-column is-layout-flow wp-block-column-is-layout-flow\">\n<p class=\"has-text-color has-link-color wp-elements-76750073e12e90066f5dd7ff22a15da6\" style=\"color:#eb7023\"><strong>Caso 1<\/strong><\/p>\n\n\n\n<p>El accionista principal contrat\u00f3 los servicios de gesti\u00f3n general de Tempobridge para dar a la empresa una \u00faltima oportunidad antes de declararse en insolvencia (p\u00e9rdidas importantes, flujo de caja negativo). Reorganizamos la empresa y conseguimos financiaci\u00f3n bancaria. Al cabo de un a\u00f1o, la facturaci\u00f3n se multiplic\u00f3 por 5 y el flujo de caja se volvi\u00f3 positivo.<\/p>\n<\/div>\n\n\n\n<div class=\"wp-block-column is-layout-flow wp-block-column-is-layout-flow\">\n<p class=\"text-highlight has-text-color has-link-color wp-elements-9e8659bc840db121309d7851aecff3f0\" style=\"color:#eb7023\"><strong>Caso 2<\/strong><\/p>\n\n\n\n<p>El accionista de la empresa estaba preparado para venderla por 3 millones de euros. Contrat\u00f3 a Tempobridge como gestor general para el proceso de transici\u00f3n. A los 6 meses, el accionista detuvo las negociaciones de venta. Tras 2 a\u00f1os, el valor de la empresa rondaba los 8\u201310 millones de euros.<\/p>\n<\/div>\n<\/div>\n<\/div><\/div>\n<\/div><\/div>\n\n\n\n<div class=\"wp-block-group\"><div class=\"wp-block-group__inner-container is-layout-constrained wp-block-group-is-layout-constrained\">\n<div style=\"height:10rem\" aria-hidden=\"true\" id=\"servicios\" class=\"wp-block-spacer\"><\/div>\n\n\n\n<h2 class=\"wp-block-heading mb-5 tbdots\">Servicios<\/h2>\n\n\n\n<div class=\"wp-block-group\"><div class=\"wp-block-group__inner-container is-layout-constrained wp-block-group-is-layout-constrained\">\n<p><strong>Hemos ayudado a organizaciones a crecer en medio de transiciones, retos y oportunidades proporcionando liderazgo ejecutivo pr\u00e1ctico en car\u00e1cter interino.<\/strong> Aportamos un impacto inmediato, estabilizamos operaciones y generamos resultados medibles.<\/p>\n\n\n\n<p>Los clientes valoran nuestra combinaci\u00f3n de experiencia especializada con una perspectiva objetiva, que garantiza decisiones claras y una ejecuci\u00f3n efectiva. Como parte de nuestro trabajo, diagnosticamos, dise\u00f1amos e implementamos soluciones de forma \u00e1gil, al tiempo que transferimos conocimiento a los equipos internos para asegurar el \u00e9xito a largo plazo.<\/p>\n\n\n\n<p>Flexibles, orientados a resultados y rentables, intervenimos cuando el liderazgo es m\u00e1s necesario.<\/p>\n\n\n\n<p>La mejor prueba de nuestros resultados es que la mayor\u00eda de nuestras funciones interinas se han extendido mucho m\u00e1s all\u00e1 de su alcance inicial, llegando a convertirse casi en posiciones permanentes.<\/p>\n\n\n\n<p><strong>Servicios espec\u00edficos:<\/strong><\/p>\n\n\n\n<ul class=\"wp-block-list list-check\">\n<li>Gesti\u00f3n general<\/li>\n\n\n\n<li>Optimizaci\u00f3n financiera<\/li>\n\n\n\n<li>Desarrollo de negocio<\/li>\n\n\n\n<li>Transformaci\u00f3n empresarial<\/li>\n\n\n\n<li>Inversi\u00f3n, gesti\u00f3n y desinversi\u00f3n inmobiliaria<\/li>\n<\/ul>\n<\/div><\/div>\n<\/div><\/div>\n\n\n\n<div class=\"wp-block-group\"><div class=\"wp-block-group__inner-container is-layout-constrained wp-block-group-is-layout-constrained\">\n<div style=\"height:10rem\" aria-hidden=\"true\" id=\"clientes\" class=\"wp-block-spacer\"><\/div>\n\n\n\n<h2 class=\"wp-block-heading mb-5 tbdots\">Algunos de nuestros clientes<\/h2>\n\n\n\n<div class=\"wp-block-columns is-layout-flex wp-container-core-columns-is-layout-9d6595d7 wp-block-columns-is-layout-flex\">\n<div class=\"wp-block-column is-layout-flow wp-block-column-is-layout-flow\" style=\"flex-basis:40%\">\n<p><strong>Empresas tecnol\u00f3gicas<\/strong><\/p>\n\n\n\n<p>iVoox, 4Doctors, CymitQuimica, Netsonic, Rocketrent<\/p>\n<\/div>\n\n\n\n<div class=\"wp-block-column is-layout-flow wp-block-column-is-layout-flow\">\n<p><strong>Sector Inmobiliario<\/strong><\/p>\n\n\n\n<p>SNSBank, Trimont<\/p>\n<\/div>\n\n\n\n<div class=\"wp-block-column is-layout-flow wp-block-column-is-layout-flow\">\n<p><strong>Instituciones educativas<\/strong><\/p>\n\n\n\n<p>UOC, ISDE, EADA<\/p>\n<\/div>\n<\/div>\n<\/div><\/div>\n\n\n\n<div class=\"wp-block-group\"><div class=\"wp-block-group__inner-container is-layout-constrained wp-block-group-is-layout-constrained\">\n<div style=\"height:10rem\" aria-hidden=\"true\" id=\"contacto\" class=\"wp-block-spacer\"><\/div>\n\n\n\n<h2 class=\"wp-block-heading mb-5 tbdots\">Cont\u00e1ctanos<\/h2>\n\n\n\n<p class=\"lead\">Impulsamos a tu empresa en los momentos clave \u2014 cont\u00e1ctanos hoy.<\/p>\n<\/div><\/div>\n\n\n\n<div class=\"wp-block-getwid-icon-box has-icon-left has-text-center\"><div class=\"wp-block-getwid-icon-box__icon-container is-position-middle\"><div class=\"wp-block-getwid-icon-box__icon-wrapper\" style=\"font-size:18px;padding:0px\"><i class=\"fa-light fa-envelope\"><\/i><\/div><\/div><div class=\"wp-block-getwid-icon-box__content\">\n<p class=\"has-text-align-left m-0\">info@tempobridge.com<\/p>\n<\/div><\/div>\n\n\n\n<div class=\"wp-block-group\"><div class=\"wp-block-group__inner-container is-layout-constrained wp-block-group-is-layout-constrained\">\n<div class=\"wp-block-contact-form-7-contact-form-selector mt-5\">\n<div class=\"wpcf7 no-js\" id=\"wpcf7-f81-o1\" lang=\"es-ES\" dir=\"ltr\" data-wpcf7-id=\"81\">\n<div class=\"screen-reader-response\"><p role=\"status\" aria-live=\"polite\" aria-atomic=\"true\"><\/p> <ul><\/ul><\/div>\n<form action=\"\/es\/wp-json\/wp\/v2\/pages\/74#wpcf7-f81-o1\" method=\"post\" class=\"wpcf7-form init\" aria-label=\"Formulario de contacto\" novalidate=\"novalidate\" data-status=\"init\">\n<fieldset class=\"hidden-fields-container\"><input type=\"hidden\" name=\"_wpcf7\" value=\"81\" \/><input type=\"hidden\" name=\"_wpcf7_version\" value=\"6.1.1\" \/><input type=\"hidden\" name=\"_wpcf7_locale\" value=\"es_ES\" \/><input type=\"hidden\" name=\"_wpcf7_unit_tag\" value=\"wpcf7-f81-o1\" \/><input type=\"hidden\" name=\"_wpcf7_container_post\" value=\"0\" \/><input type=\"hidden\" name=\"_wpcf7_posted_data_hash\" value=\"\" \/><input type=\"hidden\" name=\"_wpcf7_recaptcha_response\" value=\"\" \/>\n<\/fieldset>\n<div class=\"row\">\n\t<div class=\"col-12 col-lg-6\">\n\t\t<p><label> Nombre<br \/>\n<span class=\"wpcf7-form-control-wrap\" data-name=\"your-name\"><input size=\"40\" maxlength=\"400\" class=\"wpcf7-form-control wpcf7-text wpcf7-validates-as-required\" autocomplete=\"name\" aria-required=\"true\" aria-invalid=\"false\" value=\"\" type=\"text\" name=\"your-name\" \/><\/span> <\/label>\n\t\t<\/p>\n\t<\/div>\n\t<div class=\"col-12 col-lg-6\">\n\t\t<p><label> Empresa<br \/>\n<span class=\"wpcf7-form-control-wrap\" data-name=\"your-company\"><input size=\"40\" maxlength=\"400\" class=\"wpcf7-form-control wpcf7-text wpcf7-validates-as-required\" autocomplete=\"name\" aria-required=\"true\" aria-invalid=\"false\" value=\"\" type=\"text\" name=\"your-company\" \/><\/span> <\/label>\n\t\t<\/p>\n\t<\/div>\n<\/div>\n<p><label> Email<br \/>\n<span class=\"wpcf7-form-control-wrap\" data-name=\"your-email\"><input size=\"40\" maxlength=\"400\" class=\"wpcf7-form-control wpcf7-email wpcf7-validates-as-required wpcf7-text wpcf7-validates-as-email\" autocomplete=\"email\" aria-required=\"true\" aria-invalid=\"false\" value=\"\" type=\"email\" name=\"your-email\" \/><\/span> <\/label>\n<\/p>\n<p><label> Mensaje<br \/>\n<span class=\"wpcf7-form-control-wrap\" data-name=\"your-message\"><textarea cols=\"40\" rows=\"10\" maxlength=\"2000\" class=\"wpcf7-form-control wpcf7-textarea wpcf7-validates-as-required\" aria-required=\"true\" aria-invalid=\"false\" name=\"your-message\"><\/textarea><\/span> <\/label>\n<\/p>\n<p><input class=\"wpcf7-form-control wpcf7-submit has-spinner\" type=\"submit\" value=\"Submit\" \/>\n<\/p><div class=\"wpcf7-response-output\" aria-hidden=\"true\"><\/div>\n<\/form>\n<\/div>\n<\/div>\n<\/div><\/div>\n<\/div>\n\n\n\n<div class=\"wp-block-column is-layout-flow wp-block-column-is-layout-flow\" style=\"flex-basis:20%\"><\/div>\n<\/div>\n\n\n\n<p><\/p>\n","protected":false},"excerpt":{"rendered":"<p>Nuestra misi\u00f3n y valores Tempobridge es una firma de consultor\u00eda empresarial con sede en Barcelona, fundada en 2010 por Enric Batlle. En Tempobridge creemos que la creaci\u00f3n de valor surge de la acci\u00f3n. Como firma boutique de asesor\u00eda y gesti\u00f3n interina, ofrecemos apoyo pr\u00e1ctico y directo a las empresas. Nuestra misi\u00f3n es realizar una contribuci\u00f3n [&#8230;]<\/p>\n<p><a class=\"btn btn-outline-primary btn-sm mt-4\" href=\"https:\/\/tempobridge.com\/es\/\">Continue Reading&#8230;<\/a><\/p>\n","protected":false},"author":1,"featured_media":0,"parent":0,"menu_order":0,"comment_status":"closed","ping_status":"open","template":"","meta":{"footnotes":""},"class_list":["post-74","page","type-page","status-publish","hentry"],"_links":{"self":[{"href":"https:\/\/tempobridge.com\/es\/wp-json\/wp\/v2\/pages\/74","targetHints":{"allow":["GET"]}}],"collection":[{"href":"https:\/\/tempobridge.com\/es\/wp-json\/wp\/v2\/pages"}],"about":[{"href":"https:\/\/tempobridge.com\/es\/wp-json\/wp\/v2\/types\/page"}],"author":[{"embeddable":true,"href":"https:\/\/tempobridge.com\/es\/wp-json\/wp\/v2\/users\/1"}],"replies":[{"embeddable":true,"href":"https:\/\/tempobridge.com\/es\/wp-json\/wp\/v2\/comments?post=74"}],"version-history":[{"count":7,"href":"https:\/\/tempobridge.com\/es\/wp-json\/wp\/v2\/pages\/74\/revisions"}],"predecessor-version":[{"id":133,"href":"https:\/\/tempobridge.com\/es\/wp-json\/wp\/v2\/pages\/74\/revisions\/133"}],"wp:attachment":[{"href":"https:\/\/tempobridge.com\/es\/wp-json\/wp\/v2\/media?parent=74"}],"curies":[{"name":"wp","href":"https:\/\/api.w.org\/{rel}","templated":true}]}}